{"id":1071,"date":"2021-12-14T23:35:15","date_gmt":"2021-12-14T23:35:15","guid":{"rendered":"https:\/\/parroquiasanisidrolabrador.com\/?page_id=1071"},"modified":"2026-01-27T18:01:23","modified_gmt":"2026-01-27T21:01:23","slug":"bautismos","status":"publish","type":"page","link":"https:\/\/parroquiasanisidrolabrador.com\/?page_id=1071","title":{"rendered":"Casamientos"},"content":{"rendered":"\t\t<div data-elementor-type=\"wp-page\" data-elementor-id=\"1071\" class=\"elementor elementor-1071\">\n\t\t\t\t\t\t<section class=\"elementor-section elementor-top-section elementor-element elementor-element-d0205de elementor-section-boxed elementor-section-height-default elementor-section-height-default\" data-id=\"d0205de\" data-element_type=\"section\" data-e-type=\"section\">\n\t\t\t\t\t\t<div class=\"elementor-container elementor-column-gap-default\">\n\t\t\t\t\t<div class=\"elementor-column elementor-col-100 elementor-top-column elementor-element elementor-element-7e1f077\" data-id=\"7e1f077\" data-element_type=\"column\" data-e-type=\"column\">\n\t\t\t<div class=\"elementor-widget-wrap elementor-element-populated\">\n\t\t\t\t\t\t<div class=\"elementor-element elementor-element-1cac755 elementor-widget elementor-widget-text-editor\" data-id=\"1cac755\" data-element_type=\"widget\" data-e-type=\"widget\" data-widget_type=\"text-editor.default\">\n\t\t\t\t<div class=\"elementor-widget-container\">\n\t\t\t\t\t\t\t\t\t<div><\/div>\t\t\t\t\t\t\t\t<\/div>\n\t\t\t\t<\/div>\n\t\t\t\t\t<\/div>\n\t\t<\/div>\n\t\t\t\t\t<\/div>\n\t\t<\/section>\n\t\t\t\t<section class=\"elementor-section elementor-top-section elementor-element elementor-element-939baa7 elementor-section-boxed elementor-section-height-default elementor-section-height-default\" data-id=\"939baa7\" data-element_type=\"section\" data-e-type=\"section\">\n\t\t\t\t\t\t<div class=\"elementor-container elementor-column-gap-default\">\n\t\t\t\t\t<div class=\"elementor-column elementor-col-25 elementor-top-column elementor-element elementor-element-ea025ba\" data-id=\"ea025ba\" data-element_type=\"column\" data-e-type=\"column\">\n\t\t\t<div class=\"elementor-widget-wrap\">\n\t\t\t\t\t\t\t<\/div>\n\t\t<\/div>\n\t\t\t\t<div class=\"elementor-column elementor-col-50 elementor-top-column elementor-element elementor-element-0eed78e\" data-id=\"0eed78e\" data-element_type=\"column\" data-e-type=\"column\">\n\t\t\t<div class=\"elementor-widget-wrap elementor-element-populated\">\n\t\t\t\t\t\t<div class=\"elementor-element elementor-element-71a89d2 elementor-widget elementor-widget-text-editor\" data-id=\"71a89d2\" data-element_type=\"widget\" data-e-type=\"widget\" data-widget_type=\"text-editor.default\">\n\t\t\t\t<div class=\"elementor-widget-container\">\n\t\t\t\t\t\t\t\t\t<div class=\"column mcb-column one column_column column-margin-\"><div class=\"column_attr clearfix align_center animate fadeInDownLarge\" data-anim-type=\"fadeInDownLarge\"><h2 style=\"text-align: center;\"><strong>Casamientos\u00a0<\/strong><\/h2><p><strong>Queridos Novios: nos alegramos much\u00edsimo con ustedes por este paso tan importante que van a dar en sus vidas. Ac\u00e1 queremos responderles algunas preguntas que sabemos que van a ser de su inter\u00e9s al momento de decidir en qu\u00e9 Iglesia celebrar su casamiento. Les pedimos que lo lean con atenci\u00f3n para evitar todo contratiempo.<\/strong><\/p><p><strong>Sepan que toda la Comunidad Parroquial estar\u00e1 rezando por ustedes.<\/strong><\/p><p>\u00a0<\/p><p><strong>\u00bfEn qu\u00e9 d\u00edas y horarios se celebran los Casamientos?<\/strong><\/p><p><span style=\"font-weight: 400;\">En San Isidro Labrador les ofrecemos las siguientes posibilidades:<\/span><\/p><p><span style=\"font-weight: 400;\">-Viernes: 20.30 hs &#8211; 21.15 hs<\/span><\/p><p><span style=\"font-weight: 400;\">-S\u00e1bados: 12.30 hs &#8211; 17.30 hs &#8211; 20.30 hs y 21.15 hs.<\/span><\/p><p><span style=\"font-weight: 400;\">Los turnos se van completando desde el primer horario. Fuera de estas posibilidades no se celebran los casamientos debido a las dem\u00e1s actividades de la Parroquia.<\/span><\/p><p><span style=\"font-weight: 400;\">Estos son los horarios de ingreso de la novia. En las invitaciones tienen que poner media hora antes: por ejemplo, si la novia entra a las 20.30 hs, en las invitaciones hay que poner que la ceremonia comienza a las 20.00 hs.<\/span><\/p><p>\u00a0<\/p><p><strong>\u00bfQu\u00e9 costo tiene realizar el casamiento en esta Parroquia?<\/strong><\/p><p><span style=\"font-weight: 400;\">El Sacramento del Matrimonio no tiene ning\u00fan costo. Quienes quieran casarse en esta Parroquia pueden hacerlo sin pagar absolutamente nada.<\/span><\/p><p><span style=\"font-weight: 400;\">Sin embargo, la Parroquia tiene algunos gastos en cada casamiento (el personal que prepara la Iglesia, la libreta del Matrimonio, la luz, el arreglo de las flores, etc.).<\/span><\/p><p><span style=\"font-weight: 400;\">Por eso les pedimos a aquellos que puedan alguna colaboraci\u00f3n que quedar\u00e1 a criterio de cada pareja. Como un indicativo les proponemos un equivalente al costo de tres o cuatro cubiertos de la fiesta que ustedes har\u00e1n despu\u00e9s de la Ceremonia.<\/span><\/p><p>\u00a0<\/p><p><strong>\u00bfQu\u00e9 se necesita para reservar una fecha para casarse en esta Parroquia?<\/strong><\/p><p><span style=\"font-weight: 400;\">-Deben acercarse a la Secretar\u00eda Parroquial (de lunes a viernes de 16.00 a 20.00 hs) con seis meses de anticipaci\u00f3n (c\u00f3mo m\u00ednimo).<\/span><\/p><p><span style=\"font-weight: 400;\">-Traer el Certificado del Bautismo de cada uno. Lo deben pedir (dentro de los seis meses anteriores al casamiento) en la Parroquia donde fueron bautizados. Para casarse por la Iglesia Cat\u00f3lica por lo menos uno de los dos debe estar bautizado.<\/span><\/p><p>\u00a0<\/p><p><strong>\u00bfHay que hacer alg\u00fan curso previo?<\/strong><\/p><p><span style=\"font-weight: 400;\">Sabemos que los preparativos del casamiento les insumen mucho tiempo, energ\u00eda y dinero. Por eso estamos convencidos que es bueno poder \u201cfrenar un poco\u201d y poner la mirada y el coraz\u00f3n en este gran proyecto de querer compartir la vida para siempre y formar una familia cristiana.<\/span><\/p><p><span style=\"font-weight: 400;\">Para esto los invitamos a cuatro charlas (con otras parejas que tambi\u00e9n se casan) con algunos matrimonios gu\u00edas que los ayudar\u00e1n a reflexionar sobre este paso que est\u00e1n haciendo. Las fechas de estas charlas se van fijando cada mes (consultar en la Secretar\u00eda parroquial).<\/span><\/p><p>\u00a0<\/p><p><strong>\u00bfQu\u00e9 es el Expediente Matrimonial?<\/strong><\/p><p><span style=\"font-weight: 400;\">Es d\u00f3nde quedar\u00e1 asentado el matrimonio de ustedes. Lo realizar\u00e1n -en un horario a convenir- con el Sacerdote de la parroquia que celebrar\u00e1 el Casamiento.<\/span><\/p><p><span style=\"font-weight: 400;\">Para el d\u00eda que hagan el expediente matrimonial deben venir acompa\u00f1ados por dos testigos (no pueden ser familiares).<\/span><\/p><p>\u00a0<\/p><p><strong>\u00bfC\u00f3mo preparamos la Ceremonia?<\/strong><\/p><p><span style=\"font-weight: 400;\">-Una vez que hayan fijado una fecha se les entregar\u00e1 un folleto con todo lo que ustedes pueden elegir para la Ceremonia (lecturas, intenciones, etc.).<\/span><\/p><p><span style=\"font-weight: 400;\">-Cuando se re\u00fanen con el Sacerdote para hacer el Expediente Matrimonial, tendr\u00e1n que traer -para verlo juntos- lo que ustedes hayan elegido para la Ceremonia.<\/span><\/p><p>\u00a0<\/p><p><strong>\u00bfSe pueden elegir las flores?<\/strong><\/p><p><span style=\"font-weight: 400;\">Las flores las traen los novios y exclusivamente las prepara una Se\u00f1ora de la Parroquia. Deben acercarlas a la Parroquia dos d\u00edas antes del casamiento en el horario de la Secretaria Parroquial (de 16.00 a 20.00 hs.). No se pueden traer los arreglos armados.<\/span><\/p><p><span style=\"font-weight: 400;\">Si en un fin de semana hay varios Casamientos los gastos y la elecci\u00f3n de las flores se comparten con las dem\u00e1s parejas de ese fin de semana (ya que es el mismo arreglo para todos los Casamientos).<\/span><\/p><p>\u00a0<\/p><p><strong>\u00bfSe puede elegir la M\u00fasica y el coro?<\/strong><\/p><p><span style=\"font-weight: 400;\">La m\u00fasica es a elecci\u00f3n de los novios dentro del repertorio de m\u00fasica religiosa para casamientos. No se puede usar m\u00fasica de pel\u00edculas o bandas e int\u00e9rpretes que no sean religiosos.<\/span><\/p><p><span style=\"font-weight: 400;\">Debido a que tenemos un \u00f3rgano muy antiguo solamente se puede contar con el coro de la Se\u00f1ora Griselda Kelzo (griseldakelso@hotmail.com &#8211; asunto: m\u00fasica<\/span><\/p><p><span style=\"font-weight: 400;\">PSIL). Este coro cuenta con un organista, un trompetista y dos solistas. El costo del coro es a convenir con la Sra. Griselda.<\/span><\/p><p>\u00a0<\/p><p><strong>\u00bfSe pueden sacar fotos y filmar?<\/strong><\/p><p><span style=\"font-weight: 400;\">Por supuesto. Le pedimos que nos pasen el contacto de quienes van a sacar fotos y a filmar para comunicarnos con ellos y explicarles desde d\u00f3nde se puede filmar y sacar fotos. Queda totalmente prohibido el uso de drones dentro del templo.<\/span><\/p><p><span style=\"font-weight: 400;\">Algunas cosas importantes&#8230;<\/span><\/p><p><span style=\"font-weight: 400;\">-Les pedimos por favor que tengan muy en cuenta la puntualidad en el d\u00eda del casamiento (por respeto a sus invitados y a los que est\u00e1n trabajando en la parroquia).<\/span><\/p><p><span style=\"font-weight: 400;\">En el caso de haber dos casamientos seguidos, si la primer novia se demora, se pasa ese casamiento al \u00faltimo turno.<\/span><\/p><p><span style=\"font-weight: 400;\">-C\u00f3mo el Templo se usa para muchas otras cosas, es responsabilidad de todos mantenerlo limpio. Por este motivo queda totalmente prohibido tirar p\u00e9talos y arroz dentro del Templo y en el atrio.<\/span><\/p><p>\u00a0<\/p><p><strong>Para ir rezando\u2026<\/strong><\/p><p><span style=\"font-weight: 400;\">Se\u00f1or, en este camino que empezamos juntos,<\/span><\/p><p><span style=\"font-weight: 400;\">ens\u00e9\u00f1anos a ser verdaderos compa\u00f1eros del camino;<\/span><\/p><p><span style=\"font-weight: 400;\">que sepamos ser o\u00eddo que escucha, boca que aconseja,<\/span><\/p><p><span style=\"font-weight: 400;\">caricia que protege, hombro que sostiene.<\/span><\/p><p><span style=\"font-weight: 400;\">Que cualquiera sea la situaci\u00f3n, seamos siempre \u201cnosotros\u201d.<\/span><\/p><p><span style=\"font-weight: 400;\">Ens\u00e9\u00f1anos a respetarnos siempre; respetar nuestro ser personas,<\/span><\/p><p><span style=\"font-weight: 400;\">creados a tu imagen y semejanza, pero sobre todas las cosas,<\/span><\/p><p><span style=\"font-weight: 400;\">Se\u00f1or, que respetemos nuestro ser hombre y mujer.<\/span><\/p><p><span style=\"font-weight: 400;\">Ens\u00e9\u00f1anos a vivir con infinito gozo los frutos de nuestro matrimonio,<\/span><\/p><p><span style=\"font-weight: 400;\">y que sepamos entregar a nuestros hijos la comuni\u00f3n de nuestro amor;<\/span><\/p><p><span style=\"font-weight: 400;\">y que seamos siempre para ellos ejemplos de vida y testigos de tu amor.<\/span><\/p><p><span style=\"font-weight: 400;\">Se\u00f1or, danos la fuerza necesaria para renovar estas promesas,<\/span><\/p><p><span style=\"font-weight: 400;\">todos los d\u00edas de nuestras vidas. Se\u00f1or, ens\u00e9\u00f1anos a amarnos. Am\u00e9n.<\/span><\/p><p>\u00a0<\/p><\/div><p><a href=\"https:\/\/www.vatican.va\/archive\/catechism_sp\/index_sp.html\">Un poco m\u00e1s sobre el Matrimonio (Catecismo de la Iglesia Cat\u00f3lica 1601-1666).<\/a><\/p><div>\u00a0<\/div><\/div>\t\t\t\t\t\t\t\t<\/div>\n\t\t\t\t<\/div>\n\t\t\t\t\t<\/div>\n\t\t<\/div>\n\t\t\t\t<div class=\"elementor-column elementor-col-25 elementor-top-column elementor-element elementor-element-2296aeb\" data-id=\"2296aeb\" data-element_type=\"column\" data-e-type=\"column\">\n\t\t\t<div class=\"elementor-widget-wrap\">\n\t\t\t\t\t\t\t<\/div>\n\t\t<\/div>\n\t\t\t\t\t<\/div>\n\t\t<\/section>\n\t\t\t\t<section class=\"elementor-section elementor-top-section elementor-element elementor-element-76319d3 elementor-section-boxed elementor-section-height-default elementor-section-height-default\" data-id=\"76319d3\" data-element_type=\"section\" data-e-type=\"section\">\n\t\t\t\t\t\t<div class=\"elementor-container elementor-column-gap-default\">\n\t\t\t\t\t<div class=\"elementor-column elementor-col-100 elementor-top-column elementor-element elementor-element-1d3f20e\" data-id=\"1d3f20e\" data-element_type=\"column\" data-e-type=\"column\">\n\t\t\t<div class=\"elementor-widget-wrap elementor-element-populated\">\n\t\t\t\t\t\t<div class=\"elementor-element elementor-element-c871cb4 elementor-widget elementor-widget-spacer\" data-id=\"c871cb4\" data-element_type=\"widget\" data-e-type=\"widget\" data-widget_type=\"spacer.default\">\n\t\t\t\t<div class=\"elementor-widget-container\">\n\t\t\t\t\t\t\t<div class=\"elementor-spacer\">\n\t\t\t<div class=\"elementor-spacer-inner\"><\/div>\n\t\t<\/div>\n\t\t\t\t\t\t<\/div>\n\t\t\t\t<\/div>\n\t\t\t\t<div class=\"elementor-element elementor-element-5164f6e elementor-widget elementor-widget-spacer\" data-id=\"5164f6e\" data-element_type=\"widget\" data-e-type=\"widget\" data-widget_type=\"spacer.default\">\n\t\t\t\t<div class=\"elementor-widget-container\">\n\t\t\t\t\t\t\t<div class=\"elementor-spacer\">\n\t\t\t<div class=\"elementor-spacer-inner\"><\/div>\n\t\t<\/div>\n\t\t\t\t\t\t<\/div>\n\t\t\t\t<\/div>\n\t\t\t\t\t<\/div>\n\t\t<\/div>\n\t\t\t\t\t<\/div>\n\t\t<\/section>\n\t\t\t\t<\/div>\n\t\t","protected":false},"excerpt":{"rendered":"<p>Casamientos\u00a0 Queridos Novios: nos alegramos much\u00edsimo con ustedes por este paso tan importante que van a dar en sus vidas. Ac\u00e1 queremos responderles algunas preguntas que sabemos que van a ser de su inter\u00e9s al momento de decidir en qu\u00e9 Iglesia celebrar su casamiento. Les pedimos que lo lean con atenci\u00f3n para evitar todo contratiempo. [&hellip;]<\/p>\n","protected":false},"author":1,"featured_media":0,"parent":0,"menu_order":0,"comment_status":"closed","ping_status":"closed","template":"","meta":{"om_disable_all_campaigns":false,"_monsterinsights_skip_tracking":false,"_monsterinsights_sitenote_active":false,"_monsterinsights_sitenote_note":"","_monsterinsights_sitenote_category":0,"site-sidebar-layout":"no-sidebar","site-content-layout":"page-builder","ast-site-content-layout":"default","site-content-style":"default","site-sidebar-style":"default","ast-global-header-display":"","ast-banner-title-visibility":"","ast-main-header-display":"","ast-hfb-above-header-display":"","ast-hfb-below-header-display":"","ast-hfb-mobile-header-display":"","site-post-title":"disabled","ast-breadcrumbs-content":"","ast-featured-img":"disabled","footer-sml-layout":"","ast-disable-related-posts":"","theme-transparent-header-meta":"","adv-header-id-meta":"","stick-header-meta":"","header-above-stick-meta":"","header-main-stick-meta":"","header-below-stick-meta":"","astra-migrate-meta-layouts":"default","ast-page-background-enabled":"default","ast-page-background-meta":{"desktop":{"background-color":"","background-image":"","background-repeat":"repeat","background-position":"center center","background-size":"auto","background-attachment":"scroll","background-type":"","background-media":"","overlay-type":"","overlay-color":"","overlay-opacity":"","overlay-gradient":""},"tablet":{"background-color":"","background-image":"","background-repeat":"repeat","background-position":"center center","background-size":"auto","background-attachment":"scroll","background-type":"","background-media":"","overlay-type":"","overlay-color":"","overlay-opacity":"","overlay-gradient":""},"mobile":{"background-color":"","background-image":"","background-repeat":"repeat","background-position":"center center","background-size":"auto","background-attachment":"scroll","background-type":"","background-media":"","overlay-type":"","overlay-color":"","overlay-opacity":"","overlay-gradient":""}},"ast-content-background-meta":{"desktop":{"background-color":"var(--ast-global-color-5)","background-image":"","background-repeat":"repeat","background-position":"center center","background-size":"auto","background-attachment":"scroll","background-type":"","background-media":"","overlay-type":"","overlay-color":"","overlay-opacity":"","overlay-gradient":""},"tablet":{"background-color":"var(--ast-global-color-5)","background-image":"","background-repeat":"repeat","background-position":"center center","background-size":"auto","background-attachment":"scroll","background-type":"","background-media":"","overlay-type":"","overlay-color":"","overlay-opacity":"","overlay-gradient":""},"mobile":{"background-color":"var(--ast-global-color-5)","background-image":"","background-repeat":"repeat","background-position":"center center","background-size":"auto","background-attachment":"scroll","background-type":"","background-media":"","overlay-type":"","overlay-color":"","overlay-opacity":"","overlay-gradient":""}},"footnotes":""},"class_list":["post-1071","page","type-page","status-publish","hentry"],"aioseo_notices":[],"_links":{"self":[{"href":"https:\/\/parroquiasanisidrolabrador.com\/index.php?rest_route=\/wp\/v2\/pages\/1071","targetHints":{"allow":["GET"]}}],"collection":[{"href":"https:\/\/parroquiasanisidrolabrador.com\/index.php?rest_route=\/wp\/v2\/pages"}],"about":[{"href":"https:\/\/parroquiasanisidrolabrador.com\/index.php?rest_route=\/wp\/v2\/types\/page"}],"author":[{"embeddable":true,"href":"https:\/\/parroquiasanisidrolabrador.com\/index.php?rest_route=\/wp\/v2\/users\/1"}],"replies":[{"embeddable":true,"href":"https:\/\/parroquiasanisidrolabrador.com\/index.php?rest_route=%2Fwp%2Fv2%2Fcomments&post=1071"}],"version-history":[{"count":45,"href":"https:\/\/parroquiasanisidrolabrador.com\/index.php?rest_route=\/wp\/v2\/pages\/1071\/revisions"}],"predecessor-version":[{"id":2998,"href":"https:\/\/parroquiasanisidrolabrador.com\/index.php?rest_route=\/wp\/v2\/pages\/1071\/revisions\/2998"}],"wp:attachment":[{"href":"https:\/\/parroquiasanisidrolabrador.com\/index.php?rest_route=%2Fwp%2Fv2%2Fmedia&parent=1071"}],"curies":[{"name":"wp","href":"https:\/\/api.w.org\/{rel}","templated":true}]}}