{"id":1366,"date":"2021-12-15T04:04:47","date_gmt":"2021-12-15T04:04:47","guid":{"rendered":"https:\/\/parroquiasanisidrolabrador.com\/?page_id=1366"},"modified":"2026-01-27T18:01:24","modified_gmt":"2026-01-27T21:01:24","slug":"grupos-de-jovenes","status":"publish","type":"page","link":"https:\/\/parroquiasanisidrolabrador.com\/?page_id=1366","title":{"rendered":"Grupos de J\u00f3venes"},"content":{"rendered":"\t\t<div data-elementor-type=\"wp-page\" data-elementor-id=\"1366\" class=\"elementor elementor-1366\">\n\t\t\t\t\t\t<section class=\"elementor-section elementor-top-section elementor-element elementor-element-fa6a467 elementor-section-boxed elementor-section-height-default elementor-section-height-default\" data-id=\"fa6a467\" data-element_type=\"section\" data-e-type=\"section\">\n\t\t\t\t\t\t<div class=\"elementor-container elementor-column-gap-default\">\n\t\t\t\t\t<div class=\"elementor-column elementor-col-100 elementor-top-column elementor-element elementor-element-1cc06b0\" data-id=\"1cc06b0\" data-element_type=\"column\" data-e-type=\"column\">\n\t\t\t<div class=\"elementor-widget-wrap elementor-element-populated\">\n\t\t\t\t\t\t\t<\/div>\n\t\t<\/div>\n\t\t\t\t\t<\/div>\n\t\t<\/section>\n\t\t\t\t<section class=\"elementor-section elementor-top-section elementor-element elementor-element-40b23f9 elementor-section-boxed elementor-section-height-default elementor-section-height-default\" data-id=\"40b23f9\" data-element_type=\"section\" data-e-type=\"section\">\n\t\t\t\t\t\t<div class=\"elementor-container elementor-column-gap-default\">\n\t\t\t\t\t<div class=\"elementor-column elementor-col-100 elementor-top-column elementor-element elementor-element-3e18eae\" data-id=\"3e18eae\" data-element_type=\"column\" data-e-type=\"column\">\n\t\t\t<div class=\"elementor-widget-wrap elementor-element-populated\">\n\t\t\t\t\t\t<div class=\"elementor-element elementor-element-389fa68 elementor-widget elementor-widget-text-editor\" data-id=\"389fa68\" data-element_type=\"widget\" data-e-type=\"widget\" data-widget_type=\"text-editor.default\">\n\t\t\t\t<div class=\"elementor-widget-container\">\n\t\t\t\t\t\t\t\t\t<div class=\"column mcb-column one column_column column-margin-\"><div class=\"column_attr clearfix align_center animate fadeInDownLarge\" data-anim-type=\"fadeInDownLarge\"><h3 style=\"text-align: center;\">Grupos de J\u00f3venes<\/h3><div class=\"image_frame image_item no_link scale-with-grid alignnone no_border\" style=\"text-align: center;\"><div class=\"image_wrapper\"><img decoding=\"async\" class=\"scale-with-grid aligncenter\" src=\"https:\/\/parroquiasanisidrolabrador.com.ar\/wp-content\/uploads\/2016\/01\/home_mining_sep.png\" alt=\"\" \/><\/div><\/div><\/div><\/div><div class=\"column mcb-column one-fifth column_column column-margin-\" style=\"text-align: center;\"><div class=\"column_attr clearfix\">\u00a0<\/div><\/div>\t\t\t\t\t\t\t\t<\/div>\n\t\t\t\t<\/div>\n\t\t\t\t\t<\/div>\n\t\t<\/div>\n\t\t\t\t\t<\/div>\n\t\t<\/section>\n\t\t\t\t<section class=\"elementor-section elementor-top-section elementor-element elementor-element-ef121a1 elementor-section-boxed elementor-section-height-default elementor-section-height-default\" data-id=\"ef121a1\" data-element_type=\"section\" data-e-type=\"section\">\n\t\t\t\t\t\t<div class=\"elementor-container elementor-column-gap-default\">\n\t\t\t\t\t<div class=\"elementor-column elementor-col-100 elementor-top-column elementor-element elementor-element-9a745b3\" data-id=\"9a745b3\" data-element_type=\"column\" data-e-type=\"column\">\n\t\t\t<div class=\"elementor-widget-wrap elementor-element-populated\">\n\t\t\t\t\t\t<div class=\"elementor-element elementor-element-4819400 elementor-widget elementor-widget-spacer\" data-id=\"4819400\" data-element_type=\"widget\" data-e-type=\"widget\" data-widget_type=\"spacer.default\">\n\t\t\t\t<div class=\"elementor-widget-container\">\n\t\t\t\t\t\t\t<div class=\"elementor-spacer\">\n\t\t\t<div class=\"elementor-spacer-inner\"><\/div>\n\t\t<\/div>\n\t\t\t\t\t\t<\/div>\n\t\t\t\t<\/div>\n\t\t\t\t\t<\/div>\n\t\t<\/div>\n\t\t\t\t\t<\/div>\n\t\t<\/section>\n\t\t\t\t<section class=\"elementor-section elementor-top-section elementor-element elementor-element-1c539d8 elementor-section-boxed elementor-section-height-default elementor-section-height-default\" data-id=\"1c539d8\" data-element_type=\"section\" data-e-type=\"section\">\n\t\t\t\t\t\t<div class=\"elementor-container elementor-column-gap-default\">\n\t\t\t\t\t<div class=\"elementor-column elementor-col-50 elementor-top-column elementor-element elementor-element-d512b0c\" data-id=\"d512b0c\" data-element_type=\"column\" data-e-type=\"column\">\n\t\t\t<div class=\"elementor-widget-wrap elementor-element-populated\">\n\t\t\t\t\t\t<div class=\"elementor-element elementor-element-94dba96 elementor-widget elementor-widget-heading\" data-id=\"94dba96\" data-element_type=\"widget\" data-e-type=\"widget\" data-widget_type=\"heading.default\">\n\t\t\t\t<div class=\"elementor-widget-container\">\n\t\t\t\t\t<h4 class=\"elementor-heading-title elementor-size-default\">Pastoral Infantil<\/h4>\t\t\t\t<\/div>\n\t\t\t\t<\/div>\n\t\t\t\t<div class=\"elementor-element elementor-element-6c954fe elementor-widget elementor-widget-text-editor\" data-id=\"6c954fe\" data-element_type=\"widget\" data-e-type=\"widget\" data-widget_type=\"text-editor.default\">\n\t\t\t\t<div class=\"elementor-widget-container\">\n\t\t\t\t\t\t\t\t\t<p style=\"text-align: center;\">Pastoral Infantil (1ero a 5to): Jugando conocemos a Jes\u00fas.<\/p><p style=\"text-align: center;\">Disc\u00edpulos Misioneros: (6to y 7mo):<\/p><p style=\"text-align: center;\">Queremos llevar tu voz por todo el mundo.<\/p><p style=\"text-align: center;\">S\u00e1bados: de 15.30 a 17.30 hs.<\/p>\t\t\t\t\t\t\t\t<\/div>\n\t\t\t\t<\/div>\n\t\t\t\t<div class=\"elementor-element elementor-element-877423b elementor-widget elementor-widget-image\" data-id=\"877423b\" data-element_type=\"widget\" data-e-type=\"widget\" data-widget_type=\"image.default\">\n\t\t\t\t<div class=\"elementor-widget-container\">\n\t\t\t\t\t\t\t\t\t\t\t\t\t\t\t<img decoding=\"async\" src=\"https:\/\/parroquiasanisidrolabrador.com\/wp-content\/uploads\/2023\/12\/WhatsApp-Image-2023-12-03-at-18.52.40.jpeg\" title=\"WhatsApp Image 2023-12-03 at 18.52.40\" alt=\"WhatsApp Image 2023-12-03 at 18.52.40\" loading=\"lazy\" \/>\t\t\t\t\t\t\t\t\t\t\t\t\t\t\t<\/div>\n\t\t\t\t<\/div>\n\t\t\t\t\t<\/div>\n\t\t<\/div>\n\t\t\t\t<div class=\"elementor-column elementor-col-50 elementor-top-column elementor-element elementor-element-962afcb\" data-id=\"962afcb\" data-element_type=\"column\" data-e-type=\"column\">\n\t\t\t<div class=\"elementor-widget-wrap elementor-element-populated\">\n\t\t\t\t\t\t<div class=\"elementor-element elementor-element-a009b78 elementor-widget elementor-widget-heading\" data-id=\"a009b78\" data-element_type=\"widget\" data-e-type=\"widget\" data-widget_type=\"heading.default\">\n\t\t\t\t<div class=\"elementor-widget-container\">\n\t\t\t\t\t<h4 class=\"elementor-heading-title elementor-size-default\">Ra\u00edces<\/h4>\t\t\t\t<\/div>\n\t\t\t\t<\/div>\n\t\t\t\t<div class=\"elementor-element elementor-element-eae264a elementor-widget elementor-widget-text-editor\" data-id=\"eae264a\" data-element_type=\"widget\" data-e-type=\"widget\" data-widget_type=\"text-editor.default\">\n\t\t\t\t<div class=\"elementor-widget-container\">\n\t\t\t\t\t\t\t\t\t<p style=\"text-align: center;\">En Ra\u00edces se comienza a participar de Ema\u00fas (Ra\u00edces &#8211; Confirmaci\u00f3n &#8211; Tabor).<\/p><p>\u00a0<\/p><p style=\"text-align: center;\">Es un espacio para compartir la vida y la fe para j\u00f3venes de 1ero a 2do a\u00f1o.<\/p><p style=\"text-align: center;\">Viernes: de 15.30 a 17.30 hs.<\/p>\t\t\t\t\t\t\t\t<\/div>\n\t\t\t\t<\/div>\n\t\t\t\t<div class=\"elementor-element elementor-element-2258bd4 elementor-widget elementor-widget-image\" data-id=\"2258bd4\" data-element_type=\"widget\" data-e-type=\"widget\" data-widget_type=\"image.default\">\n\t\t\t\t<div class=\"elementor-widget-container\">\n\t\t\t\t\t\t\t\t\t\t\t\t\t\t\t<img fetchpriority=\"high\" decoding=\"async\" width=\"1024\" height=\"768\" src=\"https:\/\/parroquiasanisidrolabrador.com\/wp-content\/uploads\/2023\/03\/cbbcdb9b-09bc-4006-ae83-3b7902486c97-1024x768.jpg\" class=\"attachment-large size-large wp-image-3086\" alt=\"\" srcset=\"https:\/\/parroquiasanisidrolabrador.com\/wp-content\/uploads\/2023\/03\/cbbcdb9b-09bc-4006-ae83-3b7902486c97-1024x768.jpg 1024w, https:\/\/parroquiasanisidrolabrador.com\/wp-content\/uploads\/2023\/03\/cbbcdb9b-09bc-4006-ae83-3b7902486c97-300x225.jpg 300w, https:\/\/parroquiasanisidrolabrador.com\/wp-content\/uploads\/2023\/03\/cbbcdb9b-09bc-4006-ae83-3b7902486c97-768x576.jpg 768w, https:\/\/parroquiasanisidrolabrador.com\/wp-content\/uploads\/2023\/03\/cbbcdb9b-09bc-4006-ae83-3b7902486c97.jpg 1320w\" sizes=\"(max-width: 1024px) 100vw, 1024px\" \/>\t\t\t\t\t\t\t\t\t\t\t\t\t\t\t<\/div>\n\t\t\t\t<\/div>\n\t\t\t\t\t<\/div>\n\t\t<\/div>\n\t\t\t\t\t<\/div>\n\t\t<\/section>\n\t\t\t\t<section class=\"elementor-section elementor-top-section elementor-element elementor-element-8cb8aa0 elementor-section-boxed elementor-section-height-default elementor-section-height-default\" data-id=\"8cb8aa0\" data-element_type=\"section\" data-e-type=\"section\">\n\t\t\t\t\t\t<div class=\"elementor-container elementor-column-gap-default\">\n\t\t\t\t\t<div class=\"elementor-column elementor-col-50 elementor-top-column elementor-element elementor-element-06ad6f1\" data-id=\"06ad6f1\" data-element_type=\"column\" data-e-type=\"column\">\n\t\t\t<div class=\"elementor-widget-wrap elementor-element-populated\">\n\t\t\t\t\t\t<div class=\"elementor-element elementor-element-7847021 elementor-widget elementor-widget-heading\" data-id=\"7847021\" data-element_type=\"widget\" data-e-type=\"widget\" data-widget_type=\"heading.default\">\n\t\t\t\t<div class=\"elementor-widget-container\">\n\t\t\t\t\t<h4 class=\"elementor-heading-title elementor-size-default\">Confirmaci\u00f3n<\/h4>\t\t\t\t<\/div>\n\t\t\t\t<\/div>\n\t\t\t\t<div class=\"elementor-element elementor-element-b5e69ce elementor-widget elementor-widget-text-editor\" data-id=\"b5e69ce\" data-element_type=\"widget\" data-e-type=\"widget\" data-widget_type=\"text-editor.default\">\n\t\t\t\t<div class=\"elementor-widget-container\">\n\t\t\t\t\t\t\t\t\t<p style=\"text-align: center;\">Es una catequesis comunitaria para el<br \/>Sacramento de la Confirmaci\u00f3n para los chicos de 3er a\u00f1o del Secundario.<\/p><p style=\"text-align: center;\">Viernes: de 15.30 a 17.30 hs.<\/p>\t\t\t\t\t\t\t\t<\/div>\n\t\t\t\t<\/div>\n\t\t\t\t<div class=\"elementor-element elementor-element-67f22a3 elementor-widget elementor-widget-image\" data-id=\"67f22a3\" data-element_type=\"widget\" data-e-type=\"widget\" data-widget_type=\"image.default\">\n\t\t\t\t<div class=\"elementor-widget-container\">\n\t\t\t\t\t\t\t\t\t\t\t\t\t\t\t<img decoding=\"async\" width=\"1024\" height=\"847\" src=\"https:\/\/parroquiasanisidrolabrador.com\/wp-content\/uploads\/2023\/12\/WhatsApp-Image-2023-12-15-at-09.48.25-e1722650447863-1024x847.jpeg\" class=\"attachment-large size-large wp-image-3396\" alt=\"\" srcset=\"https:\/\/parroquiasanisidrolabrador.com\/wp-content\/uploads\/2023\/12\/WhatsApp-Image-2023-12-15-at-09.48.25-e1722650447863-1024x847.jpeg 1024w, https:\/\/parroquiasanisidrolabrador.com\/wp-content\/uploads\/2023\/12\/WhatsApp-Image-2023-12-15-at-09.48.25-e1722650447863-300x248.jpeg 300w, https:\/\/parroquiasanisidrolabrador.com\/wp-content\/uploads\/2023\/12\/WhatsApp-Image-2023-12-15-at-09.48.25-e1722650447863-768x635.jpeg 768w, https:\/\/parroquiasanisidrolabrador.com\/wp-content\/uploads\/2023\/12\/WhatsApp-Image-2023-12-15-at-09.48.25-e1722650447863.jpeg 1328w\" sizes=\"(max-width: 1024px) 100vw, 1024px\" \/>\t\t\t\t\t\t\t\t\t\t\t\t\t\t\t<\/div>\n\t\t\t\t<\/div>\n\t\t\t\t\t<\/div>\n\t\t<\/div>\n\t\t\t\t<div class=\"elementor-column elementor-col-50 elementor-top-column elementor-element elementor-element-ec932ea\" data-id=\"ec932ea\" data-element_type=\"column\" data-e-type=\"column\">\n\t\t\t<div class=\"elementor-widget-wrap elementor-element-populated\">\n\t\t\t\t\t\t<div class=\"elementor-element elementor-element-7a50383 elementor-widget elementor-widget-heading\" data-id=\"7a50383\" data-element_type=\"widget\" data-e-type=\"widget\" data-widget_type=\"heading.default\">\n\t\t\t\t<div class=\"elementor-widget-container\">\n\t\t\t\t\t<h4 class=\"elementor-heading-title elementor-size-default\">Tabor<br><\/h4>\t\t\t\t<\/div>\n\t\t\t\t<\/div>\n\t\t\t\t<div class=\"elementor-element elementor-element-b45cb24 elementor-widget elementor-widget-text-editor\" data-id=\"b45cb24\" data-element_type=\"widget\" data-e-type=\"widget\" data-widget_type=\"text-editor.default\">\n\t\t\t\t<div class=\"elementor-widget-container\">\n\t\t\t\t\t\t\t\t\t<p style=\"font-size: 14px; font-style: normal; font-weight: 400; text-align: center;\">Es un espacio para compartir la vida y la fe para j\u00f3venes de 4to a 5to a\u00f1o.<\/p><p>\u00a0<\/p><p style=\"font-size: 14px; font-style: normal; font-weight: 400; text-align: center;\">Viernes: de 15.30 a 17.30 hs.<\/p>\t\t\t\t\t\t\t\t<\/div>\n\t\t\t\t<\/div>\n\t\t\t\t<div class=\"elementor-element elementor-element-4d60b30 elementor-widget elementor-widget-image\" data-id=\"4d60b30\" data-element_type=\"widget\" data-e-type=\"widget\" data-widget_type=\"image.default\">\n\t\t\t\t<div class=\"elementor-widget-container\">\n\t\t\t\t\t\t\t\t\t\t\t\t\t\t\t<img decoding=\"async\" width=\"1024\" height=\"768\" src=\"https:\/\/parroquiasanisidrolabrador.com\/wp-content\/uploads\/2024\/08\/WhatsApp-Image-2024-08-02-at-23.03.00-1024x768.jpeg\" class=\"attachment-large size-large wp-image-3470\" alt=\"\" srcset=\"https:\/\/parroquiasanisidrolabrador.com\/wp-content\/uploads\/2024\/08\/WhatsApp-Image-2024-08-02-at-23.03.00-1024x768.jpeg 1024w, https:\/\/parroquiasanisidrolabrador.com\/wp-content\/uploads\/2024\/08\/WhatsApp-Image-2024-08-02-at-23.03.00-300x225.jpeg 300w, https:\/\/parroquiasanisidrolabrador.com\/wp-content\/uploads\/2024\/08\/WhatsApp-Image-2024-08-02-at-23.03.00-768x576.jpeg 768w, https:\/\/parroquiasanisidrolabrador.com\/wp-content\/uploads\/2024\/08\/WhatsApp-Image-2024-08-02-at-23.03.00.jpeg 1280w\" sizes=\"(max-width: 1024px) 100vw, 1024px\" \/>\t\t\t\t\t\t\t\t\t\t\t\t\t\t\t<\/div>\n\t\t\t\t<\/div>\n\t\t\t\t\t<\/div>\n\t\t<\/div>\n\t\t\t\t\t<\/div>\n\t\t<\/section>\n\t\t\t\t<section class=\"elementor-section elementor-top-section elementor-element elementor-element-19212ee elementor-section-boxed elementor-section-height-default elementor-section-height-default\" data-id=\"19212ee\" data-element_type=\"section\" data-e-type=\"section\">\n\t\t\t\t\t\t<div class=\"elementor-container elementor-column-gap-default\">\n\t\t\t\t\t<div class=\"elementor-column elementor-col-100 elementor-top-column elementor-element elementor-element-dff7172\" data-id=\"dff7172\" data-element_type=\"column\" data-e-type=\"column\">\n\t\t\t<div class=\"elementor-widget-wrap elementor-element-populated\">\n\t\t\t\t\t\t<div class=\"elementor-element elementor-element-21949dc elementor-widget elementor-widget-heading\" data-id=\"21949dc\" data-element_type=\"widget\" data-e-type=\"widget\" data-widget_type=\"heading.default\">\n\t\t\t\t<div class=\"elementor-widget-container\">\n\t\t\t\t\t<h4 class=\"elementor-heading-title elementor-size-default\">Grupo Misionero<\/h4>\t\t\t\t<\/div>\n\t\t\t\t<\/div>\n\t\t\t\t<div class=\"elementor-element elementor-element-8c7a4ee elementor-widget elementor-widget-text-editor\" data-id=\"8c7a4ee\" data-element_type=\"widget\" data-e-type=\"widget\" data-widget_type=\"text-editor.default\">\n\t\t\t\t<div class=\"elementor-widget-container\">\n\t\t\t\t\t\t\t\t\t<p style=\"text-align: center;\">J\u00f3venes entre 18 y 23 a\u00f1os.<\/p><p style=\"text-align: center;\">Todos los domingos de 17.00 a 19.30 hs.<\/p>\t\t\t\t\t\t\t\t<\/div>\n\t\t\t\t<\/div>\n\t\t\t\t<div class=\"elementor-element elementor-element-0538df5 elementor-widget elementor-widget-image\" data-id=\"0538df5\" data-element_type=\"widget\" data-e-type=\"widget\" data-widget_type=\"image.default\">\n\t\t\t\t<div class=\"elementor-widget-container\">\n\t\t\t\t\t\t\t\t\t\t\t\t\t\t\t<img loading=\"lazy\" decoding=\"async\" width=\"1024\" height=\"472\" src=\"https:\/\/parroquiasanisidrolabrador.com\/wp-content\/uploads\/2024\/08\/WhatsApp-Image-2024-08-02-at-22.26.34-1024x472.jpeg\" class=\"attachment-large size-large wp-image-3443\" alt=\"\" srcset=\"https:\/\/parroquiasanisidrolabrador.com\/wp-content\/uploads\/2024\/08\/WhatsApp-Image-2024-08-02-at-22.26.34-1024x472.jpeg 1024w, https:\/\/parroquiasanisidrolabrador.com\/wp-content\/uploads\/2024\/08\/WhatsApp-Image-2024-08-02-at-22.26.34-300x138.jpeg 300w, https:\/\/parroquiasanisidrolabrador.com\/wp-content\/uploads\/2024\/08\/WhatsApp-Image-2024-08-02-at-22.26.34-768x354.jpeg 768w, https:\/\/parroquiasanisidrolabrador.com\/wp-content\/uploads\/2024\/08\/WhatsApp-Image-2024-08-02-at-22.26.34-1536x708.jpeg 1536w, https:\/\/parroquiasanisidrolabrador.com\/wp-content\/uploads\/2024\/08\/WhatsApp-Image-2024-08-02-at-22.26.34.jpeg 1600w\" sizes=\"(max-width: 1024px) 100vw, 1024px\" \/>\t\t\t\t\t\t\t\t\t\t\t\t\t\t\t<\/div>\n\t\t\t\t<\/div>\n\t\t\t\t\t<\/div>\n\t\t<\/div>\n\t\t\t\t\t<\/div>\n\t\t<\/section>\n\t\t\t\t<section class=\"elementor-section elementor-top-section elementor-element elementor-element-c5dd123 elementor-section-boxed elementor-section-height-default elementor-section-height-default\" data-id=\"c5dd123\" data-element_type=\"section\" data-e-type=\"section\">\n\t\t\t\t\t\t<div class=\"elementor-container elementor-column-gap-default\">\n\t\t\t\t\t<div class=\"elementor-column elementor-col-100 elementor-top-column elementor-element elementor-element-987fca0\" data-id=\"987fca0\" data-element_type=\"column\" data-e-type=\"column\">\n\t\t\t<div class=\"elementor-widget-wrap\">\n\t\t\t\t\t\t\t<\/div>\n\t\t<\/div>\n\t\t\t\t\t<\/div>\n\t\t<\/section>\n\t\t\t\t<\/div>\n\t\t","protected":false},"excerpt":{"rendered":"<p>Grupos de J\u00f3venes \u00a0 Pastoral Infantil Pastoral Infantil (1ero a 5to): Jugando conocemos a Jes\u00fas. Disc\u00edpulos Misioneros: (6to y 7mo): Queremos llevar tu voz por todo el mundo. S\u00e1bados: de 15.30 a 17.30 hs. Ra\u00edces En Ra\u00edces se comienza a participar de Ema\u00fas (Ra\u00edces &#8211; Confirmaci\u00f3n &#8211; Tabor). \u00a0 Es un espacio para compartir la [&hellip;]<\/p>\n","protected":false},"author":1,"featured_media":0,"parent":0,"menu_order":0,"comment_status":"closed","ping_status":"closed","template":"","meta":{"om_disable_all_campaigns":false,"_monsterinsights_skip_tracking":false,"_monsterinsights_sitenote_active":false,"_monsterinsights_sitenote_note":"","_monsterinsights_sitenote_category":0,"site-sidebar-layout":"no-sidebar","site-content-layout":"page-builder","ast-site-content-layout":"default","site-content-style":"default","site-sidebar-style":"default","ast-global-header-display":"","ast-banner-title-visibility":"","ast-main-header-display":"","ast-hfb-above-header-display":"","ast-hfb-below-header-display":"","ast-hfb-mobile-header-display":"","site-post-title":"disabled","ast-breadcrumbs-content":"","ast-featured-img":"disabled","footer-sml-layout":"","ast-disable-related-posts":"","theme-transparent-header-meta":"","adv-header-id-meta":"","stick-header-meta":"","header-above-stick-meta":"","header-main-stick-meta":"","header-below-stick-meta":"","astra-migrate-meta-layouts":"default","ast-page-background-enabled":"default","ast-page-background-meta":{"desktop":{"background-color":"","background-image":"","background-repeat":"repeat","background-position":"center center","background-size":"auto","background-attachment":"scroll","background-type":"","background-media":"","overlay-type":"","overlay-color":"","overlay-opacity":"","overlay-gradient":""},"tablet":{"background-color":"","background-image":"","background-repeat":"repeat","background-position":"center center","background-size":"auto","background-attachment":"scroll","background-type":"","background-media":"","overlay-type":"","overlay-color":"","overlay-opacity":"","overlay-gradient":""},"mobile":{"background-color":"","background-image":"","background-repeat":"repeat","background-position":"center center","background-size":"auto","background-attachment":"scroll","background-type":"","background-media":"","overlay-type":"","overlay-color":"","overlay-opacity":"","overlay-gradient":""}},"ast-content-background-meta":{"desktop":{"background-color":"var(--ast-global-color-5)","background-image":"","background-repeat":"repeat","background-position":"center center","background-size":"auto","background-attachment":"scroll","background-type":"","background-media":"","overlay-type":"","overlay-color":"","overlay-opacity":"","overlay-gradient":""},"tablet":{"background-color":"var(--ast-global-color-5)","background-image":"","background-repeat":"repeat","background-position":"center center","background-size":"auto","background-attachment":"scroll","background-type":"","background-media":"","overlay-type":"","overlay-color":"","overlay-opacity":"","overlay-gradient":""},"mobile":{"background-color":"var(--ast-global-color-5)","background-image":"","background-repeat":"repeat","background-position":"center center","background-size":"auto","background-attachment":"scroll","background-type":"","background-media":"","overlay-type":"","overlay-color":"","overlay-opacity":"","overlay-gradient":""}},"footnotes":""},"class_list":["post-1366","page","type-page","status-publish","hentry"],"aioseo_notices":[],"_links":{"self":[{"href":"https:\/\/parroquiasanisidrolabrador.com\/index.php?rest_route=\/wp\/v2\/pages\/1366","targetHints":{"allow":["GET"]}}],"collection":[{"href":"https:\/\/parroquiasanisidrolabrador.com\/index.php?rest_route=\/wp\/v2\/pages"}],"about":[{"href":"https:\/\/parroquiasanisidrolabrador.com\/index.php?rest_route=\/wp\/v2\/types\/page"}],"author":[{"embeddable":true,"href":"https:\/\/parroquiasanisidrolabrador.com\/index.php?rest_route=\/wp\/v2\/users\/1"}],"replies":[{"embeddable":true,"href":"https:\/\/parroquiasanisidrolabrador.com\/index.php?rest_route=%2Fwp%2Fv2%2Fcomments&post=1366"}],"version-history":[{"count":142,"href":"https:\/\/parroquiasanisidrolabrador.com\/index.php?rest_route=\/wp\/v2\/pages\/1366\/revisions"}],"predecessor-version":[{"id":3832,"href":"https:\/\/parroquiasanisidrolabrador.com\/index.php?rest_route=\/wp\/v2\/pages\/1366\/revisions\/3832"}],"wp:attachment":[{"href":"https:\/\/parroquiasanisidrolabrador.com\/index.php?rest_route=%2Fwp%2Fv2%2Fmedia&parent=1366"}],"curies":[{"name":"wp","href":"https:\/\/api.w.org\/{rel}","templated":true}]}}